{"id":12,"date":"2023-05-15T18:03:20","date_gmt":"2023-05-15T21:03:20","guid":{"rendered":"https:\/\/skulldesign.com.br\/finaestampa\/minha-conta\/"},"modified":"2023-05-17T17:31:05","modified_gmt":"2023-05-17T20:31:05","slug":"minha-conta","status":"publish","type":"page","link":"https:\/\/skulldesign.com.br\/finaestampa\/minha-conta\/","title":{"rendered":"A minha conta"},"content":{"rendered":"\t\t<div data-elementor-type=\"wp-page\" data-elementor-id=\"12\" class=\"elementor elementor-12\" data-elementor-post-type=\"page\">\n\t\t\t\t\t\t\t<div class=\"elementor-element elementor-element-8563530 e-flex e-con-boxed e-con e-parent\" data-id=\"8563530\" data-element_type=\"container\" data-settings=\"{&quot;container_type&quot;:&quot;flex&quot;,&quot;content_width&quot;:&quot;boxed&quot;}\" data-core-v316-plus=\"true\">\n\t\t\t\t\t<div class=\"e-con-inner\">\n\t\t\t\t<div class=\"elementor-element elementor-element-5ad4f8f e-my-account-tabs-horizontal elementor-widget elementor-widget-woocommerce-my-account\" data-id=\"5ad4f8f\" data-element_type=\"widget\" data-widget_type=\"woocommerce-my-account.default\">\n\t\t\t\t<div class=\"elementor-widget-container\">\n\t\t\t<link rel=\"stylesheet\" href=\"https:\/\/skulldesign.com.br\/finaestampa\/wp-content\/plugins\/elementor-pro\/assets\/css\/widget-woocommerce.min.css\"><div class=\"e-my-account-tab e-my-account-tab__ \">\t\t\t<span class=\"elementor-hidden\">[woocommerce_my_account]<\/span>\n\t\t\t<div class=\"woocommerce\"><\/div>\t\t<\/div>\n\t\t\t\t<\/div>\n\t\t\t\t<\/div>\n\t\t\t\t\t<\/div>\n\t\t\t\t<\/div>\n\t\t\t\t\t\t\t<\/div>\n\t\t","protected":false},"excerpt":{"rendered":"<p>Painel Pedidos Downloads Endere\u00e7os Detalhes Sair Painel Pedidos Downloads Endere\u00e7os Detalhes Sair Ol\u00e1, admin72 (n\u00e3o \u00e9 admin72? Sair) A partir do painel de controle de sua conta, voc\u00ea pode ver suas compras recentes, gerenciar seus endere\u00e7os de entrega e faturamento, e editar sua senha e detalhes da conta.<\/p>\n","protected":false},"author":1,"featured_media":0,"parent":0,"menu_order":0,"comment_status":"closed","ping_status":"closed","template":"elementor_header_footer","meta":{"footnotes":""},"class_list":["post-12","page","type-page","status-publish","hentry"],"yoast_head":"<!-- This site is optimized with the Yoast SEO Premium plugin v21.5 (Yoast SEO v21.5) - https:\/\/yoast.com\/wordpress\/plugins\/seo\/ -->\n<title>A minha conta - Fina Estampa<\/title>\n<meta name=\"robots\" content=\"index, follow, max-snippet:-1, max-image-preview:large, max-video-preview:-1\" \/>\n<link rel=\"canonical\" href=\"https:\/\/skulldesign.com.br\/finaestampa\/minha-conta\/\" \/>\n<meta property=\"og:locale\" content=\"pt_BR\" \/>\n<meta property=\"og:type\" content=\"article\" \/>\n<meta property=\"og:title\" content=\"A minha conta\" \/>\n<meta property=\"og:description\" content=\"Painel Pedidos Downloads Endere\u00e7os Detalhes Sair Painel Pedidos Downloads Endere\u00e7os Detalhes Sair Ol\u00e1, admin72 (n\u00e3o \u00e9 admin72? Sair) A partir do painel de controle de sua conta, voc\u00ea pode ver suas compras recentes, gerenciar seus endere\u00e7os de entrega e faturamento, e editar sua senha e detalhes da conta.\" \/>\n<meta property=\"og:url\" content=\"https:\/\/skulldesign.com.br\/finaestampa\/minha-conta\/\" \/>\n<meta property=\"og:site_name\" content=\"Fina Estampa\" \/>\n<meta property=\"article:modified_time\" content=\"2023-05-17T20:31:05+00:00\" \/>\n<meta name=\"twitter:card\" content=\"summary_large_image\" \/>\n<script type=\"application\/ld+json\" class=\"yoast-schema-graph\">{\"@context\":\"https:\/\/schema.org\",\"@graph\":[{\"@type\":\"WebPage\",\"@id\":\"https:\/\/skulldesign.com.br\/finaestampa\/minha-conta\/\",\"url\":\"https:\/\/skulldesign.com.br\/finaestampa\/minha-conta\/\",\"name\":\"A minha conta - Fina Estampa\",\"isPartOf\":{\"@id\":\"https:\/\/skulldesign.com.br\/finaestampa\/#website\"},\"datePublished\":\"2023-05-15T21:03:20+00:00\",\"dateModified\":\"2023-05-17T20:31:05+00:00\",\"breadcrumb\":{\"@id\":\"https:\/\/skulldesign.com.br\/finaestampa\/minha-conta\/#breadcrumb\"},\"inLanguage\":\"pt-BR\",\"potentialAction\":[{\"@type\":\"ReadAction\",\"target\":[\"https:\/\/skulldesign.com.br\/finaestampa\/minha-conta\/\"]}]},{\"@type\":\"BreadcrumbList\",\"@id\":\"https:\/\/skulldesign.com.br\/finaestampa\/minha-conta\/#breadcrumb\",\"itemListElement\":[{\"@type\":\"ListItem\",\"position\":1,\"name\":\"In\u00edcio\",\"item\":\"https:\/\/skulldesign.com.br\/finaestampa\/\"},{\"@type\":\"ListItem\",\"position\":2,\"name\":\"A minha conta\"}]},{\"@type\":\"WebSite\",\"@id\":\"https:\/\/skulldesign.com.br\/finaestampa\/#website\",\"url\":\"https:\/\/skulldesign.com.br\/finaestampa\/\",\"name\":\"Fina Estampa\",\"description\":\"Fina Estampa Fashion - Descubra a moda que define seu estilo. Encontre roupas elegantes e contempor\u00e2neas, perfeitas para mulheres que apreciam qualidade, conforto e tend\u00eancias atuais. Navegue por nossa ampla sele\u00e7\u00e3o de pe\u00e7as exclusivas e adicione um toque de sofistica\u00e7\u00e3o ao seu guarda-roupa. Seja \u00fanica, seja elegante com Fina Estampa.\",\"publisher\":{\"@id\":\"https:\/\/skulldesign.com.br\/finaestampa\/#organization\"},\"potentialAction\":[{\"@type\":\"SearchAction\",\"target\":{\"@type\":\"EntryPoint\",\"urlTemplate\":\"https:\/\/skulldesign.com.br\/finaestampa\/?s={search_term_string}\"},\"query-input\":\"required name=search_term_string\"}],\"inLanguage\":\"pt-BR\"},{\"@type\":\"Organization\",\"@id\":\"https:\/\/skulldesign.com.br\/finaestampa\/#organization\",\"name\":\"Fina Estampa\",\"url\":\"https:\/\/skulldesign.com.br\/finaestampa\/\",\"logo\":{\"@type\":\"ImageObject\",\"inLanguage\":\"pt-BR\",\"@id\":\"https:\/\/skulldesign.com.br\/finaestampa\/#\/schema\/logo\/image\/\",\"url\":\"https:\/\/skulldesign.com.br\/finaestampa\/wp-content\/uploads\/2023\/05\/logo_finaestampa.webp\",\"contentUrl\":\"https:\/\/skulldesign.com.br\/finaestampa\/wp-content\/uploads\/2023\/05\/logo_finaestampa.webp\",\"width\":525,\"height\":171,\"caption\":\"Fina Estampa\"},\"image\":{\"@id\":\"https:\/\/skulldesign.com.br\/finaestampa\/#\/schema\/logo\/image\/\"}}]}<\/script>\n<!-- \/ Yoast SEO Premium plugin. -->","yoast_head_json":{"title":"A minha conta - Fina Estampa","robots":{"index":"index","follow":"follow","max-snippet":"max-snippet:-1","max-image-preview":"max-image-preview:large","max-video-preview":"max-video-preview:-1"},"canonical":"https:\/\/skulldesign.com.br\/finaestampa\/minha-conta\/","og_locale":"pt_BR","og_type":"article","og_title":"A minha conta","og_description":"Painel Pedidos Downloads Endere\u00e7os Detalhes Sair Painel Pedidos Downloads Endere\u00e7os Detalhes Sair Ol\u00e1, admin72 (n\u00e3o \u00e9 admin72? Sair) A partir do painel de controle de sua conta, voc\u00ea pode ver suas compras recentes, gerenciar seus endere\u00e7os de entrega e faturamento, e editar sua senha e detalhes da conta.","og_url":"https:\/\/skulldesign.com.br\/finaestampa\/minha-conta\/","og_site_name":"Fina Estampa","article_modified_time":"2023-05-17T20:31:05+00:00","twitter_card":"summary_large_image","schema":{"@context":"https:\/\/schema.org","@graph":[{"@type":"WebPage","@id":"https:\/\/skulldesign.com.br\/finaestampa\/minha-conta\/","url":"https:\/\/skulldesign.com.br\/finaestampa\/minha-conta\/","name":"A minha conta - Fina Estampa","isPartOf":{"@id":"https:\/\/skulldesign.com.br\/finaestampa\/#website"},"datePublished":"2023-05-15T21:03:20+00:00","dateModified":"2023-05-17T20:31:05+00:00","breadcrumb":{"@id":"https:\/\/skulldesign.com.br\/finaestampa\/minha-conta\/#breadcrumb"},"inLanguage":"pt-BR","potentialAction":[{"@type":"ReadAction","target":["https:\/\/skulldesign.com.br\/finaestampa\/minha-conta\/"]}]},{"@type":"BreadcrumbList","@id":"https:\/\/skulldesign.com.br\/finaestampa\/minha-conta\/#breadcrumb","itemListElement":[{"@type":"ListItem","position":1,"name":"In\u00edcio","item":"https:\/\/skulldesign.com.br\/finaestampa\/"},{"@type":"ListItem","position":2,"name":"A minha conta"}]},{"@type":"WebSite","@id":"https:\/\/skulldesign.com.br\/finaestampa\/#website","url":"https:\/\/skulldesign.com.br\/finaestampa\/","name":"Fina Estampa","description":"Fina Estampa Fashion - Descubra a moda que define seu estilo. Encontre roupas elegantes e contempor\u00e2neas, perfeitas para mulheres que apreciam qualidade, conforto e tend\u00eancias atuais. Navegue por nossa ampla sele\u00e7\u00e3o de pe\u00e7as exclusivas e adicione um toque de sofistica\u00e7\u00e3o ao seu guarda-roupa. Seja \u00fanica, seja elegante com Fina Estampa.","publisher":{"@id":"https:\/\/skulldesign.com.br\/finaestampa\/#organization"},"potentialAction":[{"@type":"SearchAction","target":{"@type":"EntryPoint","urlTemplate":"https:\/\/skulldesign.com.br\/finaestampa\/?s={search_term_string}"},"query-input":"required name=search_term_string"}],"inLanguage":"pt-BR"},{"@type":"Organization","@id":"https:\/\/skulldesign.com.br\/finaestampa\/#organization","name":"Fina Estampa","url":"https:\/\/skulldesign.com.br\/finaestampa\/","logo":{"@type":"ImageObject","inLanguage":"pt-BR","@id":"https:\/\/skulldesign.com.br\/finaestampa\/#\/schema\/logo\/image\/","url":"https:\/\/skulldesign.com.br\/finaestampa\/wp-content\/uploads\/2023\/05\/logo_finaestampa.webp","contentUrl":"https:\/\/skulldesign.com.br\/finaestampa\/wp-content\/uploads\/2023\/05\/logo_finaestampa.webp","width":525,"height":171,"caption":"Fina Estampa"},"image":{"@id":"https:\/\/skulldesign.com.br\/finaestampa\/#\/schema\/logo\/image\/"}}]}},"_links":{"self":[{"href":"https:\/\/skulldesign.com.br\/finaestampa\/wp-json\/wp\/v2\/pages\/12","targetHints":{"allow":["GET"]}}],"collection":[{"href":"https:\/\/skulldesign.com.br\/finaestampa\/wp-json\/wp\/v2\/pages"}],"about":[{"href":"https:\/\/skulldesign.com.br\/finaestampa\/wp-json\/wp\/v2\/types\/page"}],"author":[{"embeddable":true,"href":"https:\/\/skulldesign.com.br\/finaestampa\/wp-json\/wp\/v2\/users\/1"}],"replies":[{"embeddable":true,"href":"https:\/\/skulldesign.com.br\/finaestampa\/wp-json\/wp\/v2\/comments?post=12"}],"version-history":[{"count":39,"href":"https:\/\/skulldesign.com.br\/finaestampa\/wp-json\/wp\/v2\/pages\/12\/revisions"}],"predecessor-version":[{"id":770,"href":"https:\/\/skulldesign.com.br\/finaestampa\/wp-json\/wp\/v2\/pages\/12\/revisions\/770"}],"wp:attachment":[{"href":"https:\/\/skulldesign.com.br\/finaestampa\/wp-json\/wp\/v2\/media?parent=12"}],"curies":[{"name":"wp","href":"https:\/\/api.w.org\/{rel}","templated":true}]}}