{"id":122,"date":"2023-05-15T21:07:10","date_gmt":"2023-05-16T00:07:10","guid":{"rendered":"https:\/\/skulldesign.com.br\/finaestampa\/?post_type=product&#038;p=122"},"modified":"2023-05-16T12:22:20","modified_gmt":"2023-05-16T15:22:20","slug":"vestido-de-mangas-bufantes-com-estampa-floral","status":"publish","type":"product","link":"https:\/\/skulldesign.com.br\/finaestampa\/produto\/vestido-de-mangas-bufantes-com-estampa-floral\/","title":{"rendered":"Vestido de Mangas Bufantes Com estampa Floral"},"content":{"rendered":"<p>O vestido de mangas bufantes com estampa floral \u00e9 uma pe\u00e7a encantadora que combina estilo e feminilidade. Com um design rom\u00e2ntico e elegante, esse vestido \u00e9 perfeito para diversas ocasi\u00f5es. Suas medidas precisas incluem uma largura de busto de XX cm, uma circunfer\u00eancia de cintura de XX cm e um comprimento total de XX cm. As mangas bufantes adicionam um toque de drama e sofistica\u00e7\u00e3o, enquanto a estampa floral traz um charme adicional. Sinta-se deslumbrante e pronta para brilhar com esse maravilhoso vestido de mangas bufantes com estampa floral.<\/p>\n","protected":false},"excerpt":{"rendered":"<p>O vestido de mangas bufantes com estampa floral \u00e9 uma pe\u00e7a encantadora que combina estilo e feminilidade. Com um design rom\u00e2ntico e elegante, esse vestido \u00e9 perfeito para diversas ocasi\u00f5es. Suas medidas precisas incluem uma largura de busto de XX cm, uma circunfer\u00eancia de cintura de XX cm e um comprimento total de XX cm. As mangas bufantes adicionam um toque de drama e sofistica\u00e7\u00e3o, enquanto a estampa floral traz um charme adicional. Sinta-se deslumbrante e pronta para brilhar com esse maravilhoso vestido de mangas bufantes com estampa floral.<\/p>\n","protected":false},"featured_media":123,"comment_status":"open","ping_status":"closed","template":"","meta":[],"product_cat":[17],"product_tag":[],"class_list":["post-122","product","type-product","status-publish","has-post-thumbnail","hentry","product_cat-vestidos"],"yoast_head":"<!-- This site is optimized with the Yoast SEO Premium plugin v21.5 (Yoast SEO v21.5) - https:\/\/yoast.com\/wordpress\/plugins\/seo\/ -->\n<title>Vestido de Mangas Bufantes Com estampa Floral - Fina Estampa<\/title>\n<meta name=\"robots\" content=\"index, follow, max-snippet:-1, max-image-preview:large, max-video-preview:-1\" \/>\n<link rel=\"canonical\" href=\"https:\/\/skulldesign.com.br\/finaestampa\/produto\/vestido-de-mangas-bufantes-com-estampa-floral\/\" \/>\n<meta property=\"og:locale\" content=\"pt_BR\" \/>\n<meta property=\"og:type\" content=\"article\" \/>\n<meta property=\"og:title\" content=\"Vestido de Mangas Bufantes Com estampa Floral\" \/>\n<meta property=\"og:description\" content=\"O vestido de mangas bufantes com estampa floral \u00e9 uma pe\u00e7a encantadora que combina estilo e feminilidade. Com um design rom\u00e2ntico e elegante, esse vestido \u00e9 perfeito para diversas ocasi\u00f5es. Suas medidas precisas incluem uma largura de busto de XX cm, uma circunfer\u00eancia de cintura de XX cm e um comprimento total de XX cm. As mangas bufantes adicionam um toque de drama e sofistica\u00e7\u00e3o, enquanto a estampa floral traz um charme adicional. Sinta-se deslumbrante e pronta para brilhar com esse maravilhoso vestido de mangas bufantes com estampa floral.\" \/>\n<meta property=\"og:url\" content=\"https:\/\/skulldesign.com.br\/finaestampa\/produto\/vestido-de-mangas-bufantes-com-estampa-floral\/\" \/>\n<meta property=\"og:site_name\" content=\"Fina Estampa\" \/>\n<meta property=\"article:modified_time\" content=\"2023-05-16T15:22:20+00:00\" \/>\n<meta property=\"og:image\" content=\"https:\/\/skulldesign.com.br\/finaestampa\/wp-content\/uploads\/2023\/05\/Vestido-de-mangas-bufantes-com-estampa-floral.webp\" \/>\n\t<meta property=\"og:image:width\" content=\"600\" \/>\n\t<meta property=\"og:image:height\" content=\"799\" \/>\n\t<meta property=\"og:image:type\" content=\"image\/webp\" \/>\n<meta name=\"twitter:card\" content=\"summary_large_image\" \/>\n<script type=\"application\/ld+json\" class=\"yoast-schema-graph\">{\"@context\":\"https:\/\/schema.org\",\"@graph\":[{\"@type\":\"WebPage\",\"@id\":\"https:\/\/skulldesign.com.br\/finaestampa\/produto\/vestido-de-mangas-bufantes-com-estampa-floral\/\",\"url\":\"https:\/\/skulldesign.com.br\/finaestampa\/produto\/vestido-de-mangas-bufantes-com-estampa-floral\/\",\"name\":\"Vestido de Mangas Bufantes Com estampa Floral - Fina Estampa\",\"isPartOf\":{\"@id\":\"https:\/\/skulldesign.com.br\/finaestampa\/#website\"},\"datePublished\":\"2023-05-16T00:07:10+00:00\",\"dateModified\":\"2023-05-16T15:22:20+00:00\",\"breadcrumb\":{\"@id\":\"https:\/\/skulldesign.com.br\/finaestampa\/produto\/vestido-de-mangas-bufantes-com-estampa-floral\/#breadcrumb\"},\"inLanguage\":\"pt-BR\",\"potentialAction\":[{\"@type\":\"ReadAction\",\"target\":[\"https:\/\/skulldesign.com.br\/finaestampa\/produto\/vestido-de-mangas-bufantes-com-estampa-floral\/\"]}]},{\"@type\":\"BreadcrumbList\",\"@id\":\"https:\/\/skulldesign.com.br\/finaestampa\/produto\/vestido-de-mangas-bufantes-com-estampa-floral\/#breadcrumb\",\"itemListElement\":[{\"@type\":\"ListItem\",\"position\":1,\"name\":\"In\u00edcio\",\"item\":\"https:\/\/skulldesign.com.br\/finaestampa\/\"},{\"@type\":\"ListItem\",\"position\":2,\"name\":\"Loja\",\"item\":\"https:\/\/skulldesign.com.br\/finaestampa\/loja\/\"},{\"@type\":\"ListItem\",\"position\":3,\"name\":\"Vestido de Mangas Bufantes Com estampa Floral\"}]},{\"@type\":\"WebSite\",\"@id\":\"https:\/\/skulldesign.com.br\/finaestampa\/#website\",\"url\":\"https:\/\/skulldesign.com.br\/finaestampa\/\",\"name\":\"Fina Estampa\",\"description\":\"Fina Estampa Fashion - Descubra a moda que define seu estilo. Encontre roupas elegantes e contempor\u00e2neas, perfeitas para mulheres que apreciam qualidade, conforto e tend\u00eancias atuais. Navegue por nossa ampla sele\u00e7\u00e3o de pe\u00e7as exclusivas e adicione um toque de sofistica\u00e7\u00e3o ao seu guarda-roupa. Seja \u00fanica, seja elegante com Fina Estampa.\",\"publisher\":{\"@id\":\"https:\/\/skulldesign.com.br\/finaestampa\/#organization\"},\"potentialAction\":[{\"@type\":\"SearchAction\",\"target\":{\"@type\":\"EntryPoint\",\"urlTemplate\":\"https:\/\/skulldesign.com.br\/finaestampa\/?s={search_term_string}\"},\"query-input\":\"required name=search_term_string\"}],\"inLanguage\":\"pt-BR\"},{\"@type\":\"Organization\",\"@id\":\"https:\/\/skulldesign.com.br\/finaestampa\/#organization\",\"name\":\"Fina Estampa\",\"url\":\"https:\/\/skulldesign.com.br\/finaestampa\/\",\"logo\":{\"@type\":\"ImageObject\",\"inLanguage\":\"pt-BR\",\"@id\":\"https:\/\/skulldesign.com.br\/finaestampa\/#\/schema\/logo\/image\/\",\"url\":\"https:\/\/skulldesign.com.br\/finaestampa\/wp-content\/uploads\/2023\/05\/logo_finaestampa.webp\",\"contentUrl\":\"https:\/\/skulldesign.com.br\/finaestampa\/wp-content\/uploads\/2023\/05\/logo_finaestampa.webp\",\"width\":525,\"height\":171,\"caption\":\"Fina Estampa\"},\"image\":{\"@id\":\"https:\/\/skulldesign.com.br\/finaestampa\/#\/schema\/logo\/image\/\"}}]}<\/script>\n<!-- \/ Yoast SEO Premium plugin. -->","yoast_head_json":{"title":"Vestido de Mangas Bufantes Com estampa Floral - Fina Estampa","robots":{"index":"index","follow":"follow","max-snippet":"max-snippet:-1","max-image-preview":"max-image-preview:large","max-video-preview":"max-video-preview:-1"},"canonical":"https:\/\/skulldesign.com.br\/finaestampa\/produto\/vestido-de-mangas-bufantes-com-estampa-floral\/","og_locale":"pt_BR","og_type":"article","og_title":"Vestido de Mangas Bufantes Com estampa Floral","og_description":"O vestido de mangas bufantes com estampa floral \u00e9 uma pe\u00e7a encantadora que combina estilo e feminilidade. Com um design rom\u00e2ntico e elegante, esse vestido \u00e9 perfeito para diversas ocasi\u00f5es. Suas medidas precisas incluem uma largura de busto de XX cm, uma circunfer\u00eancia de cintura de XX cm e um comprimento total de XX cm. As mangas bufantes adicionam um toque de drama e sofistica\u00e7\u00e3o, enquanto a estampa floral traz um charme adicional. Sinta-se deslumbrante e pronta para brilhar com esse maravilhoso vestido de mangas bufantes com estampa floral.","og_url":"https:\/\/skulldesign.com.br\/finaestampa\/produto\/vestido-de-mangas-bufantes-com-estampa-floral\/","og_site_name":"Fina Estampa","article_modified_time":"2023-05-16T15:22:20+00:00","og_image":[{"width":600,"height":799,"url":"https:\/\/skulldesign.com.br\/finaestampa\/wp-content\/uploads\/2023\/05\/Vestido-de-mangas-bufantes-com-estampa-floral.webp","type":"image\/webp"}],"twitter_card":"summary_large_image","schema":{"@context":"https:\/\/schema.org","@graph":[{"@type":"WebPage","@id":"https:\/\/skulldesign.com.br\/finaestampa\/produto\/vestido-de-mangas-bufantes-com-estampa-floral\/","url":"https:\/\/skulldesign.com.br\/finaestampa\/produto\/vestido-de-mangas-bufantes-com-estampa-floral\/","name":"Vestido de Mangas Bufantes Com estampa Floral - Fina Estampa","isPartOf":{"@id":"https:\/\/skulldesign.com.br\/finaestampa\/#website"},"datePublished":"2023-05-16T00:07:10+00:00","dateModified":"2023-05-16T15:22:20+00:00","breadcrumb":{"@id":"https:\/\/skulldesign.com.br\/finaestampa\/produto\/vestido-de-mangas-bufantes-com-estampa-floral\/#breadcrumb"},"inLanguage":"pt-BR","potentialAction":[{"@type":"ReadAction","target":["https:\/\/skulldesign.com.br\/finaestampa\/produto\/vestido-de-mangas-bufantes-com-estampa-floral\/"]}]},{"@type":"BreadcrumbList","@id":"https:\/\/skulldesign.com.br\/finaestampa\/produto\/vestido-de-mangas-bufantes-com-estampa-floral\/#breadcrumb","itemListElement":[{"@type":"ListItem","position":1,"name":"In\u00edcio","item":"https:\/\/skulldesign.com.br\/finaestampa\/"},{"@type":"ListItem","position":2,"name":"Loja","item":"https:\/\/skulldesign.com.br\/finaestampa\/loja\/"},{"@type":"ListItem","position":3,"name":"Vestido de Mangas Bufantes Com estampa Floral"}]},{"@type":"WebSite","@id":"https:\/\/skulldesign.com.br\/finaestampa\/#website","url":"https:\/\/skulldesign.com.br\/finaestampa\/","name":"Fina Estampa","description":"Fina Estampa Fashion - Descubra a moda que define seu estilo. Encontre roupas elegantes e contempor\u00e2neas, perfeitas para mulheres que apreciam qualidade, conforto e tend\u00eancias atuais. Navegue por nossa ampla sele\u00e7\u00e3o de pe\u00e7as exclusivas e adicione um toque de sofistica\u00e7\u00e3o ao seu guarda-roupa. Seja \u00fanica, seja elegante com Fina Estampa.","publisher":{"@id":"https:\/\/skulldesign.com.br\/finaestampa\/#organization"},"potentialAction":[{"@type":"SearchAction","target":{"@type":"EntryPoint","urlTemplate":"https:\/\/skulldesign.com.br\/finaestampa\/?s={search_term_string}"},"query-input":"required name=search_term_string"}],"inLanguage":"pt-BR"},{"@type":"Organization","@id":"https:\/\/skulldesign.com.br\/finaestampa\/#organization","name":"Fina Estampa","url":"https:\/\/skulldesign.com.br\/finaestampa\/","logo":{"@type":"ImageObject","inLanguage":"pt-BR","@id":"https:\/\/skulldesign.com.br\/finaestampa\/#\/schema\/logo\/image\/","url":"https:\/\/skulldesign.com.br\/finaestampa\/wp-content\/uploads\/2023\/05\/logo_finaestampa.webp","contentUrl":"https:\/\/skulldesign.com.br\/finaestampa\/wp-content\/uploads\/2023\/05\/logo_finaestampa.webp","width":525,"height":171,"caption":"Fina Estampa"},"image":{"@id":"https:\/\/skulldesign.com.br\/finaestampa\/#\/schema\/logo\/image\/"}}]}},"_links":{"self":[{"href":"https:\/\/skulldesign.com.br\/finaestampa\/wp-json\/wp\/v2\/product\/122","targetHints":{"allow":["GET"]}}],"collection":[{"href":"https:\/\/skulldesign.com.br\/finaestampa\/wp-json\/wp\/v2\/product"}],"about":[{"href":"https:\/\/skulldesign.com.br\/finaestampa\/wp-json\/wp\/v2\/types\/product"}],"replies":[{"embeddable":true,"href":"https:\/\/skulldesign.com.br\/finaestampa\/wp-json\/wp\/v2\/comments?post=122"}],"wp:featuredmedia":[{"embeddable":true,"href":"https:\/\/skulldesign.com.br\/finaestampa\/wp-json\/wp\/v2\/media\/123"}],"wp:attachment":[{"href":"https:\/\/skulldesign.com.br\/finaestampa\/wp-json\/wp\/v2\/media?parent=122"}],"wp:term":[{"taxonomy":"product_cat","embeddable":true,"href":"https:\/\/skulldesign.com.br\/finaestampa\/wp-json\/wp\/v2\/product_cat?post=122"},{"taxonomy":"product_tag","embeddable":true,"href":"https:\/\/skulldesign.com.br\/finaestampa\/wp-json\/wp\/v2\/product_tag?post=122"}],"curies":[{"name":"wp","href":"https:\/\/api.w.org\/{rel}","templated":true}]}}