{"id":152,"date":"2023-05-15T22:16:37","date_gmt":"2023-05-16T01:16:37","guid":{"rendered":"https:\/\/skulldesign.com.br\/finaestampa\/?post_type=product&#038;p=152"},"modified":"2023-05-15T22:22:09","modified_gmt":"2023-05-16T01:22:09","slug":"saia-jeans-estilo-calda-de-sereia","status":"publish","type":"product","link":"https:\/\/skulldesign.com.br\/finaestampa\/produto\/saia-jeans-estilo-calda-de-sereia\/","title":{"rendered":"Saia Jeans estilo Calda de Sereia"},"content":{"rendered":"<p>A saia jeans longa \u00e9 uma pe\u00e7a vers\u00e1til e atemporal que oferece estilo e conforto. Com um design cl\u00e1ssico, essa saia \u00e9 perfeita para diversas ocasi\u00f5es. Feita em jeans de alta qualidade, ela proporciona durabilidade e um ajuste perfeito ao corpo. Seu comprimento longo adiciona eleg\u00e2ncia e sofistica\u00e7\u00e3o ao visual. Ideal para criar looks casuais ou mais arrumados, essa saia jeans longa \u00e9 uma escolha vers\u00e1til e pr\u00e1tica para o dia a dia. Sinta-se confiante e cheia de estilo ao usar essa pe\u00e7a que nunca sai de moda.<\/p>\n","protected":false},"excerpt":{"rendered":"<p>A saia jeans longa \u00e9 uma pe\u00e7a vers\u00e1til e atemporal que oferece estilo e conforto. Com um design cl\u00e1ssico, essa saia \u00e9 perfeita para diversas ocasi\u00f5es. Feita em jeans de alta qualidade, ela proporciona durabilidade e um ajuste perfeito ao corpo. Seu comprimento longo adiciona eleg\u00e2ncia e sofistica\u00e7\u00e3o ao visual. Ideal para criar looks casuais ou mais arrumados, essa saia jeans longa \u00e9 uma escolha vers\u00e1til e pr\u00e1tica para o dia a dia. Sinta-se confiante e cheia de estilo ao usar essa pe\u00e7a que nunca sai de moda.<\/p>\n","protected":false},"featured_media":156,"comment_status":"open","ping_status":"closed","template":"","meta":[],"product_cat":[21,23],"product_tag":[],"class_list":["post-152","product","type-product","status-publish","has-post-thumbnail","hentry","product_cat-jeans","product_cat-saias"],"yoast_head":"<!-- This site is optimized with the Yoast SEO Premium plugin v21.5 (Yoast SEO v21.5) - https:\/\/yoast.com\/wordpress\/plugins\/seo\/ -->\n<title>Saia Jeans estilo Calda de Sereia - Fina Estampa<\/title>\n<meta name=\"robots\" content=\"index, follow, max-snippet:-1, max-image-preview:large, max-video-preview:-1\" \/>\n<link rel=\"canonical\" href=\"https:\/\/skulldesign.com.br\/finaestampa\/produto\/saia-jeans-estilo-calda-de-sereia\/\" \/>\n<meta property=\"og:locale\" content=\"pt_BR\" \/>\n<meta property=\"og:type\" content=\"article\" \/>\n<meta property=\"og:title\" content=\"Saia Jeans estilo Calda de Sereia\" \/>\n<meta property=\"og:description\" content=\"A saia jeans longa \u00e9 uma pe\u00e7a vers\u00e1til e atemporal que oferece estilo e conforto. Com um design cl\u00e1ssico, essa saia \u00e9 perfeita para diversas ocasi\u00f5es. Feita em jeans de alta qualidade, ela proporciona durabilidade e um ajuste perfeito ao corpo. Seu comprimento longo adiciona eleg\u00e2ncia e sofistica\u00e7\u00e3o ao visual. Ideal para criar looks casuais ou mais arrumados, essa saia jeans longa \u00e9 uma escolha vers\u00e1til e pr\u00e1tica para o dia a dia. Sinta-se confiante e cheia de estilo ao usar essa pe\u00e7a que nunca sai de moda.\" \/>\n<meta property=\"og:url\" content=\"https:\/\/skulldesign.com.br\/finaestampa\/produto\/saia-jeans-estilo-calda-de-sereia\/\" \/>\n<meta property=\"og:site_name\" content=\"Fina Estampa\" \/>\n<meta property=\"article:modified_time\" content=\"2023-05-16T01:22:09+00:00\" \/>\n<meta property=\"og:image\" content=\"https:\/\/skulldesign.com.br\/finaestampa\/wp-content\/uploads\/2023\/05\/Saia-jeans-estilo-calda-de-sereia.webp\" \/>\n\t<meta property=\"og:image:width\" content=\"600\" \/>\n\t<meta property=\"og:image:height\" content=\"799\" \/>\n\t<meta property=\"og:image:type\" content=\"image\/webp\" \/>\n<meta name=\"twitter:card\" content=\"summary_large_image\" \/>\n<script type=\"application\/ld+json\" class=\"yoast-schema-graph\">{\"@context\":\"https:\/\/schema.org\",\"@graph\":[{\"@type\":\"WebPage\",\"@id\":\"https:\/\/skulldesign.com.br\/finaestampa\/produto\/saia-jeans-estilo-calda-de-sereia\/\",\"url\":\"https:\/\/skulldesign.com.br\/finaestampa\/produto\/saia-jeans-estilo-calda-de-sereia\/\",\"name\":\"Saia Jeans estilo Calda de Sereia - Fina Estampa\",\"isPartOf\":{\"@id\":\"https:\/\/skulldesign.com.br\/finaestampa\/#website\"},\"datePublished\":\"2023-05-16T01:16:37+00:00\",\"dateModified\":\"2023-05-16T01:22:09+00:00\",\"breadcrumb\":{\"@id\":\"https:\/\/skulldesign.com.br\/finaestampa\/produto\/saia-jeans-estilo-calda-de-sereia\/#breadcrumb\"},\"inLanguage\":\"pt-BR\",\"potentialAction\":[{\"@type\":\"ReadAction\",\"target\":[\"https:\/\/skulldesign.com.br\/finaestampa\/produto\/saia-jeans-estilo-calda-de-sereia\/\"]}]},{\"@type\":\"BreadcrumbList\",\"@id\":\"https:\/\/skulldesign.com.br\/finaestampa\/produto\/saia-jeans-estilo-calda-de-sereia\/#breadcrumb\",\"itemListElement\":[{\"@type\":\"ListItem\",\"position\":1,\"name\":\"In\u00edcio\",\"item\":\"https:\/\/skulldesign.com.br\/finaestampa\/\"},{\"@type\":\"ListItem\",\"position\":2,\"name\":\"Loja\",\"item\":\"https:\/\/skulldesign.com.br\/finaestampa\/loja\/\"},{\"@type\":\"ListItem\",\"position\":3,\"name\":\"Saia Jeans estilo Calda de Sereia\"}]},{\"@type\":\"WebSite\",\"@id\":\"https:\/\/skulldesign.com.br\/finaestampa\/#website\",\"url\":\"https:\/\/skulldesign.com.br\/finaestampa\/\",\"name\":\"Fina Estampa\",\"description\":\"Fina Estampa Fashion - Descubra a moda que define seu estilo. Encontre roupas elegantes e contempor\u00e2neas, perfeitas para mulheres que apreciam qualidade, conforto e tend\u00eancias atuais. Navegue por nossa ampla sele\u00e7\u00e3o de pe\u00e7as exclusivas e adicione um toque de sofistica\u00e7\u00e3o ao seu guarda-roupa. Seja \u00fanica, seja elegante com Fina Estampa.\",\"publisher\":{\"@id\":\"https:\/\/skulldesign.com.br\/finaestampa\/#organization\"},\"potentialAction\":[{\"@type\":\"SearchAction\",\"target\":{\"@type\":\"EntryPoint\",\"urlTemplate\":\"https:\/\/skulldesign.com.br\/finaestampa\/?s={search_term_string}\"},\"query-input\":\"required name=search_term_string\"}],\"inLanguage\":\"pt-BR\"},{\"@type\":\"Organization\",\"@id\":\"https:\/\/skulldesign.com.br\/finaestampa\/#organization\",\"name\":\"Fina Estampa\",\"url\":\"https:\/\/skulldesign.com.br\/finaestampa\/\",\"logo\":{\"@type\":\"ImageObject\",\"inLanguage\":\"pt-BR\",\"@id\":\"https:\/\/skulldesign.com.br\/finaestampa\/#\/schema\/logo\/image\/\",\"url\":\"https:\/\/skulldesign.com.br\/finaestampa\/wp-content\/uploads\/2023\/05\/logo_finaestampa.webp\",\"contentUrl\":\"https:\/\/skulldesign.com.br\/finaestampa\/wp-content\/uploads\/2023\/05\/logo_finaestampa.webp\",\"width\":525,\"height\":171,\"caption\":\"Fina Estampa\"},\"image\":{\"@id\":\"https:\/\/skulldesign.com.br\/finaestampa\/#\/schema\/logo\/image\/\"}}]}<\/script>\n<!-- \/ Yoast SEO Premium plugin. -->","yoast_head_json":{"title":"Saia Jeans estilo Calda de Sereia - Fina Estampa","robots":{"index":"index","follow":"follow","max-snippet":"max-snippet:-1","max-image-preview":"max-image-preview:large","max-video-preview":"max-video-preview:-1"},"canonical":"https:\/\/skulldesign.com.br\/finaestampa\/produto\/saia-jeans-estilo-calda-de-sereia\/","og_locale":"pt_BR","og_type":"article","og_title":"Saia Jeans estilo Calda de Sereia","og_description":"A saia jeans longa \u00e9 uma pe\u00e7a vers\u00e1til e atemporal que oferece estilo e conforto. Com um design cl\u00e1ssico, essa saia \u00e9 perfeita para diversas ocasi\u00f5es. Feita em jeans de alta qualidade, ela proporciona durabilidade e um ajuste perfeito ao corpo. Seu comprimento longo adiciona eleg\u00e2ncia e sofistica\u00e7\u00e3o ao visual. Ideal para criar looks casuais ou mais arrumados, essa saia jeans longa \u00e9 uma escolha vers\u00e1til e pr\u00e1tica para o dia a dia. Sinta-se confiante e cheia de estilo ao usar essa pe\u00e7a que nunca sai de moda.","og_url":"https:\/\/skulldesign.com.br\/finaestampa\/produto\/saia-jeans-estilo-calda-de-sereia\/","og_site_name":"Fina Estampa","article_modified_time":"2023-05-16T01:22:09+00:00","og_image":[{"width":600,"height":799,"url":"https:\/\/skulldesign.com.br\/finaestampa\/wp-content\/uploads\/2023\/05\/Saia-jeans-estilo-calda-de-sereia.webp","type":"image\/webp"}],"twitter_card":"summary_large_image","schema":{"@context":"https:\/\/schema.org","@graph":[{"@type":"WebPage","@id":"https:\/\/skulldesign.com.br\/finaestampa\/produto\/saia-jeans-estilo-calda-de-sereia\/","url":"https:\/\/skulldesign.com.br\/finaestampa\/produto\/saia-jeans-estilo-calda-de-sereia\/","name":"Saia Jeans estilo Calda de Sereia - Fina Estampa","isPartOf":{"@id":"https:\/\/skulldesign.com.br\/finaestampa\/#website"},"datePublished":"2023-05-16T01:16:37+00:00","dateModified":"2023-05-16T01:22:09+00:00","breadcrumb":{"@id":"https:\/\/skulldesign.com.br\/finaestampa\/produto\/saia-jeans-estilo-calda-de-sereia\/#breadcrumb"},"inLanguage":"pt-BR","potentialAction":[{"@type":"ReadAction","target":["https:\/\/skulldesign.com.br\/finaestampa\/produto\/saia-jeans-estilo-calda-de-sereia\/"]}]},{"@type":"BreadcrumbList","@id":"https:\/\/skulldesign.com.br\/finaestampa\/produto\/saia-jeans-estilo-calda-de-sereia\/#breadcrumb","itemListElement":[{"@type":"ListItem","position":1,"name":"In\u00edcio","item":"https:\/\/skulldesign.com.br\/finaestampa\/"},{"@type":"ListItem","position":2,"name":"Loja","item":"https:\/\/skulldesign.com.br\/finaestampa\/loja\/"},{"@type":"ListItem","position":3,"name":"Saia Jeans estilo Calda de Sereia"}]},{"@type":"WebSite","@id":"https:\/\/skulldesign.com.br\/finaestampa\/#website","url":"https:\/\/skulldesign.com.br\/finaestampa\/","name":"Fina Estampa","description":"Fina Estampa Fashion - Descubra a moda que define seu estilo. Encontre roupas elegantes e contempor\u00e2neas, perfeitas para mulheres que apreciam qualidade, conforto e tend\u00eancias atuais. Navegue por nossa ampla sele\u00e7\u00e3o de pe\u00e7as exclusivas e adicione um toque de sofistica\u00e7\u00e3o ao seu guarda-roupa. Seja \u00fanica, seja elegante com Fina Estampa.","publisher":{"@id":"https:\/\/skulldesign.com.br\/finaestampa\/#organization"},"potentialAction":[{"@type":"SearchAction","target":{"@type":"EntryPoint","urlTemplate":"https:\/\/skulldesign.com.br\/finaestampa\/?s={search_term_string}"},"query-input":"required name=search_term_string"}],"inLanguage":"pt-BR"},{"@type":"Organization","@id":"https:\/\/skulldesign.com.br\/finaestampa\/#organization","name":"Fina Estampa","url":"https:\/\/skulldesign.com.br\/finaestampa\/","logo":{"@type":"ImageObject","inLanguage":"pt-BR","@id":"https:\/\/skulldesign.com.br\/finaestampa\/#\/schema\/logo\/image\/","url":"https:\/\/skulldesign.com.br\/finaestampa\/wp-content\/uploads\/2023\/05\/logo_finaestampa.webp","contentUrl":"https:\/\/skulldesign.com.br\/finaestampa\/wp-content\/uploads\/2023\/05\/logo_finaestampa.webp","width":525,"height":171,"caption":"Fina Estampa"},"image":{"@id":"https:\/\/skulldesign.com.br\/finaestampa\/#\/schema\/logo\/image\/"}}]}},"_links":{"self":[{"href":"https:\/\/skulldesign.com.br\/finaestampa\/wp-json\/wp\/v2\/product\/152","targetHints":{"allow":["GET"]}}],"collection":[{"href":"https:\/\/skulldesign.com.br\/finaestampa\/wp-json\/wp\/v2\/product"}],"about":[{"href":"https:\/\/skulldesign.com.br\/finaestampa\/wp-json\/wp\/v2\/types\/product"}],"replies":[{"embeddable":true,"href":"https:\/\/skulldesign.com.br\/finaestampa\/wp-json\/wp\/v2\/comments?post=152"}],"wp:featuredmedia":[{"embeddable":true,"href":"https:\/\/skulldesign.com.br\/finaestampa\/wp-json\/wp\/v2\/media\/156"}],"wp:attachment":[{"href":"https:\/\/skulldesign.com.br\/finaestampa\/wp-json\/wp\/v2\/media?parent=152"}],"wp:term":[{"taxonomy":"product_cat","embeddable":true,"href":"https:\/\/skulldesign.com.br\/finaestampa\/wp-json\/wp\/v2\/product_cat?post=152"},{"taxonomy":"product_tag","embeddable":true,"href":"https:\/\/skulldesign.com.br\/finaestampa\/wp-json\/wp\/v2\/product_tag?post=152"}],"curies":[{"name":"wp","href":"https:\/\/api.w.org\/{rel}","templated":true}]}}