{"id":173,"date":"2023-05-15T22:48:24","date_gmt":"2023-05-16T01:48:24","guid":{"rendered":"https:\/\/skulldesign.com.br\/finaestampa\/?post_type=product&#038;p=173"},"modified":"2023-05-15T23:30:40","modified_gmt":"2023-05-16T02:30:40","slug":"blazer-longo-estilo-alfaiataria-caramelo","status":"publish","type":"product","link":"https:\/\/skulldesign.com.br\/finaestampa\/produto\/blazer-longo-estilo-alfaiataria-caramelo\/","title":{"rendered":"Blazer Longo Estilo Alfaiataria  &#8211; Caramelo"},"content":{"rendered":"<p>O blazer longo estilo alfaiataria na cor caramelo \u00e9 uma pe\u00e7a elegante e sofisticada que adiciona um toque de classe ao seu visual. Com um design refinado e atemporal, esse blazer \u00e9 perfeito para ocasi\u00f5es formais ou para elevar o seu look do dia a dia. O comprimento longo confere um aspecto alongado e elegante, enquanto a cor caramelo traz uma sensa\u00e7\u00e3o de calor e sofistica\u00e7\u00e3o. Feito com tecido de qualidade e acabamento impec\u00e1vel, esse blazer oferece conforto e um caimento perfeito. Ideal para criar looks sofisticados e cheios de estilo, o blazer longo estilo alfaiataria na cor caramelo \u00e9 uma escolha perfeita para mulheres que desejam se destacar com classe e eleg\u00e2ncia.<\/p>\n","protected":false},"excerpt":{"rendered":"<p>O blazer longo estilo alfaiataria na cor caramelo \u00e9 uma pe\u00e7a elegante e sofisticada que adiciona um toque de classe ao seu visual. Com um design refinado e atemporal, esse blazer \u00e9 perfeito para ocasi\u00f5es formais ou para elevar o seu look do dia a dia. O comprimento longo confere um aspecto alongado e elegante, enquanto a cor caramelo traz uma sensa\u00e7\u00e3o de calor e sofistica\u00e7\u00e3o. Feito com tecido de qualidade e acabamento impec\u00e1vel, esse blazer oferece conforto e um caimento perfeito. Ideal para criar looks sofisticados e cheios de estilo, o blazer longo estilo alfaiataria na cor caramelo \u00e9 uma escolha perfeita para mulheres que desejam se destacar com classe e eleg\u00e2ncia.<\/p>\n","protected":false},"featured_media":174,"comment_status":"open","ping_status":"closed","template":"","meta":[],"product_cat":[22,19],"product_tag":[],"class_list":["post-173","product","type-product","status-publish","has-post-thumbnail","hentry","product_cat-blazers","product_cat-blusas"],"yoast_head":"<!-- This site is optimized with the Yoast SEO Premium plugin v21.5 (Yoast SEO v21.5) - https:\/\/yoast.com\/wordpress\/plugins\/seo\/ -->\n<title>Blazer Longo Estilo Alfaiataria - Caramelo - Fina Estampa<\/title>\n<meta name=\"robots\" content=\"index, follow, max-snippet:-1, max-image-preview:large, max-video-preview:-1\" \/>\n<link rel=\"canonical\" href=\"https:\/\/skulldesign.com.br\/finaestampa\/produto\/blazer-longo-estilo-alfaiataria-caramelo\/\" \/>\n<meta property=\"og:locale\" content=\"pt_BR\" \/>\n<meta property=\"og:type\" content=\"article\" \/>\n<meta property=\"og:title\" content=\"Blazer Longo Estilo Alfaiataria - Caramelo\" \/>\n<meta property=\"og:description\" content=\"O blazer longo estilo alfaiataria na cor caramelo \u00e9 uma pe\u00e7a elegante e sofisticada que adiciona um toque de classe ao seu visual. Com um design refinado e atemporal, esse blazer \u00e9 perfeito para ocasi\u00f5es formais ou para elevar o seu look do dia a dia. O comprimento longo confere um aspecto alongado e elegante, enquanto a cor caramelo traz uma sensa\u00e7\u00e3o de calor e sofistica\u00e7\u00e3o. Feito com tecido de qualidade e acabamento impec\u00e1vel, esse blazer oferece conforto e um caimento perfeito. Ideal para criar looks sofisticados e cheios de estilo, o blazer longo estilo alfaiataria na cor caramelo \u00e9 uma escolha perfeita para mulheres que desejam se destacar com classe e eleg\u00e2ncia.\" \/>\n<meta property=\"og:url\" content=\"https:\/\/skulldesign.com.br\/finaestampa\/produto\/blazer-longo-estilo-alfaiataria-caramelo\/\" \/>\n<meta property=\"og:site_name\" content=\"Fina Estampa\" \/>\n<meta property=\"article:modified_time\" content=\"2023-05-16T02:30:40+00:00\" \/>\n<meta property=\"og:image\" content=\"https:\/\/skulldesign.com.br\/finaestampa\/wp-content\/uploads\/2023\/05\/Blazer-longo-estilo-alfaiataria-caramelo.webp\" \/>\n\t<meta property=\"og:image:width\" content=\"600\" \/>\n\t<meta property=\"og:image:height\" content=\"799\" \/>\n\t<meta property=\"og:image:type\" content=\"image\/webp\" \/>\n<meta name=\"twitter:card\" content=\"summary_large_image\" \/>\n<meta name=\"twitter:label1\" content=\"Est. tempo de leitura\" \/>\n\t<meta name=\"twitter:data1\" content=\"1 minuto\" \/>\n<script type=\"application\/ld+json\" class=\"yoast-schema-graph\">{\"@context\":\"https:\/\/schema.org\",\"@graph\":[{\"@type\":\"WebPage\",\"@id\":\"https:\/\/skulldesign.com.br\/finaestampa\/produto\/blazer-longo-estilo-alfaiataria-caramelo\/\",\"url\":\"https:\/\/skulldesign.com.br\/finaestampa\/produto\/blazer-longo-estilo-alfaiataria-caramelo\/\",\"name\":\"Blazer Longo Estilo Alfaiataria - Caramelo - Fina Estampa\",\"isPartOf\":{\"@id\":\"https:\/\/skulldesign.com.br\/finaestampa\/#website\"},\"datePublished\":\"2023-05-16T01:48:24+00:00\",\"dateModified\":\"2023-05-16T02:30:40+00:00\",\"breadcrumb\":{\"@id\":\"https:\/\/skulldesign.com.br\/finaestampa\/produto\/blazer-longo-estilo-alfaiataria-caramelo\/#breadcrumb\"},\"inLanguage\":\"pt-BR\",\"potentialAction\":[{\"@type\":\"ReadAction\",\"target\":[\"https:\/\/skulldesign.com.br\/finaestampa\/produto\/blazer-longo-estilo-alfaiataria-caramelo\/\"]}]},{\"@type\":\"BreadcrumbList\",\"@id\":\"https:\/\/skulldesign.com.br\/finaestampa\/produto\/blazer-longo-estilo-alfaiataria-caramelo\/#breadcrumb\",\"itemListElement\":[{\"@type\":\"ListItem\",\"position\":1,\"name\":\"In\u00edcio\",\"item\":\"https:\/\/skulldesign.com.br\/finaestampa\/\"},{\"@type\":\"ListItem\",\"position\":2,\"name\":\"Loja\",\"item\":\"https:\/\/skulldesign.com.br\/finaestampa\/loja\/\"},{\"@type\":\"ListItem\",\"position\":3,\"name\":\"Blazer Longo Estilo Alfaiataria &#8211; Caramelo\"}]},{\"@type\":\"WebSite\",\"@id\":\"https:\/\/skulldesign.com.br\/finaestampa\/#website\",\"url\":\"https:\/\/skulldesign.com.br\/finaestampa\/\",\"name\":\"Fina Estampa\",\"description\":\"Fina Estampa Fashion - Descubra a moda que define seu estilo. Encontre roupas elegantes e contempor\u00e2neas, perfeitas para mulheres que apreciam qualidade, conforto e tend\u00eancias atuais. Navegue por nossa ampla sele\u00e7\u00e3o de pe\u00e7as exclusivas e adicione um toque de sofistica\u00e7\u00e3o ao seu guarda-roupa. Seja \u00fanica, seja elegante com Fina Estampa.\",\"publisher\":{\"@id\":\"https:\/\/skulldesign.com.br\/finaestampa\/#organization\"},\"potentialAction\":[{\"@type\":\"SearchAction\",\"target\":{\"@type\":\"EntryPoint\",\"urlTemplate\":\"https:\/\/skulldesign.com.br\/finaestampa\/?s={search_term_string}\"},\"query-input\":\"required name=search_term_string\"}],\"inLanguage\":\"pt-BR\"},{\"@type\":\"Organization\",\"@id\":\"https:\/\/skulldesign.com.br\/finaestampa\/#organization\",\"name\":\"Fina Estampa\",\"url\":\"https:\/\/skulldesign.com.br\/finaestampa\/\",\"logo\":{\"@type\":\"ImageObject\",\"inLanguage\":\"pt-BR\",\"@id\":\"https:\/\/skulldesign.com.br\/finaestampa\/#\/schema\/logo\/image\/\",\"url\":\"https:\/\/skulldesign.com.br\/finaestampa\/wp-content\/uploads\/2023\/05\/logo_finaestampa.webp\",\"contentUrl\":\"https:\/\/skulldesign.com.br\/finaestampa\/wp-content\/uploads\/2023\/05\/logo_finaestampa.webp\",\"width\":525,\"height\":171,\"caption\":\"Fina Estampa\"},\"image\":{\"@id\":\"https:\/\/skulldesign.com.br\/finaestampa\/#\/schema\/logo\/image\/\"}}]}<\/script>\n<!-- \/ Yoast SEO Premium plugin. -->","yoast_head_json":{"title":"Blazer Longo Estilo Alfaiataria - Caramelo - Fina Estampa","robots":{"index":"index","follow":"follow","max-snippet":"max-snippet:-1","max-image-preview":"max-image-preview:large","max-video-preview":"max-video-preview:-1"},"canonical":"https:\/\/skulldesign.com.br\/finaestampa\/produto\/blazer-longo-estilo-alfaiataria-caramelo\/","og_locale":"pt_BR","og_type":"article","og_title":"Blazer Longo Estilo Alfaiataria - Caramelo","og_description":"O blazer longo estilo alfaiataria na cor caramelo \u00e9 uma pe\u00e7a elegante e sofisticada que adiciona um toque de classe ao seu visual. Com um design refinado e atemporal, esse blazer \u00e9 perfeito para ocasi\u00f5es formais ou para elevar o seu look do dia a dia. O comprimento longo confere um aspecto alongado e elegante, enquanto a cor caramelo traz uma sensa\u00e7\u00e3o de calor e sofistica\u00e7\u00e3o. Feito com tecido de qualidade e acabamento impec\u00e1vel, esse blazer oferece conforto e um caimento perfeito. Ideal para criar looks sofisticados e cheios de estilo, o blazer longo estilo alfaiataria na cor caramelo \u00e9 uma escolha perfeita para mulheres que desejam se destacar com classe e eleg\u00e2ncia.","og_url":"https:\/\/skulldesign.com.br\/finaestampa\/produto\/blazer-longo-estilo-alfaiataria-caramelo\/","og_site_name":"Fina Estampa","article_modified_time":"2023-05-16T02:30:40+00:00","og_image":[{"width":600,"height":799,"url":"https:\/\/skulldesign.com.br\/finaestampa\/wp-content\/uploads\/2023\/05\/Blazer-longo-estilo-alfaiataria-caramelo.webp","type":"image\/webp"}],"twitter_card":"summary_large_image","twitter_misc":{"Est. tempo de leitura":"1 minuto"},"schema":{"@context":"https:\/\/schema.org","@graph":[{"@type":"WebPage","@id":"https:\/\/skulldesign.com.br\/finaestampa\/produto\/blazer-longo-estilo-alfaiataria-caramelo\/","url":"https:\/\/skulldesign.com.br\/finaestampa\/produto\/blazer-longo-estilo-alfaiataria-caramelo\/","name":"Blazer Longo Estilo Alfaiataria - Caramelo - Fina Estampa","isPartOf":{"@id":"https:\/\/skulldesign.com.br\/finaestampa\/#website"},"datePublished":"2023-05-16T01:48:24+00:00","dateModified":"2023-05-16T02:30:40+00:00","breadcrumb":{"@id":"https:\/\/skulldesign.com.br\/finaestampa\/produto\/blazer-longo-estilo-alfaiataria-caramelo\/#breadcrumb"},"inLanguage":"pt-BR","potentialAction":[{"@type":"ReadAction","target":["https:\/\/skulldesign.com.br\/finaestampa\/produto\/blazer-longo-estilo-alfaiataria-caramelo\/"]}]},{"@type":"BreadcrumbList","@id":"https:\/\/skulldesign.com.br\/finaestampa\/produto\/blazer-longo-estilo-alfaiataria-caramelo\/#breadcrumb","itemListElement":[{"@type":"ListItem","position":1,"name":"In\u00edcio","item":"https:\/\/skulldesign.com.br\/finaestampa\/"},{"@type":"ListItem","position":2,"name":"Loja","item":"https:\/\/skulldesign.com.br\/finaestampa\/loja\/"},{"@type":"ListItem","position":3,"name":"Blazer Longo Estilo Alfaiataria &#8211; Caramelo"}]},{"@type":"WebSite","@id":"https:\/\/skulldesign.com.br\/finaestampa\/#website","url":"https:\/\/skulldesign.com.br\/finaestampa\/","name":"Fina Estampa","description":"Fina Estampa Fashion - Descubra a moda que define seu estilo. Encontre roupas elegantes e contempor\u00e2neas, perfeitas para mulheres que apreciam qualidade, conforto e tend\u00eancias atuais. Navegue por nossa ampla sele\u00e7\u00e3o de pe\u00e7as exclusivas e adicione um toque de sofistica\u00e7\u00e3o ao seu guarda-roupa. Seja \u00fanica, seja elegante com Fina Estampa.","publisher":{"@id":"https:\/\/skulldesign.com.br\/finaestampa\/#organization"},"potentialAction":[{"@type":"SearchAction","target":{"@type":"EntryPoint","urlTemplate":"https:\/\/skulldesign.com.br\/finaestampa\/?s={search_term_string}"},"query-input":"required name=search_term_string"}],"inLanguage":"pt-BR"},{"@type":"Organization","@id":"https:\/\/skulldesign.com.br\/finaestampa\/#organization","name":"Fina Estampa","url":"https:\/\/skulldesign.com.br\/finaestampa\/","logo":{"@type":"ImageObject","inLanguage":"pt-BR","@id":"https:\/\/skulldesign.com.br\/finaestampa\/#\/schema\/logo\/image\/","url":"https:\/\/skulldesign.com.br\/finaestampa\/wp-content\/uploads\/2023\/05\/logo_finaestampa.webp","contentUrl":"https:\/\/skulldesign.com.br\/finaestampa\/wp-content\/uploads\/2023\/05\/logo_finaestampa.webp","width":525,"height":171,"caption":"Fina Estampa"},"image":{"@id":"https:\/\/skulldesign.com.br\/finaestampa\/#\/schema\/logo\/image\/"}}]}},"_links":{"self":[{"href":"https:\/\/skulldesign.com.br\/finaestampa\/wp-json\/wp\/v2\/product\/173","targetHints":{"allow":["GET"]}}],"collection":[{"href":"https:\/\/skulldesign.com.br\/finaestampa\/wp-json\/wp\/v2\/product"}],"about":[{"href":"https:\/\/skulldesign.com.br\/finaestampa\/wp-json\/wp\/v2\/types\/product"}],"replies":[{"embeddable":true,"href":"https:\/\/skulldesign.com.br\/finaestampa\/wp-json\/wp\/v2\/comments?post=173"}],"wp:featuredmedia":[{"embeddable":true,"href":"https:\/\/skulldesign.com.br\/finaestampa\/wp-json\/wp\/v2\/media\/174"}],"wp:attachment":[{"href":"https:\/\/skulldesign.com.br\/finaestampa\/wp-json\/wp\/v2\/media?parent=173"}],"wp:term":[{"taxonomy":"product_cat","embeddable":true,"href":"https:\/\/skulldesign.com.br\/finaestampa\/wp-json\/wp\/v2\/product_cat?post=173"},{"taxonomy":"product_tag","embeddable":true,"href":"https:\/\/skulldesign.com.br\/finaestampa\/wp-json\/wp\/v2\/product_tag?post=173"}],"curies":[{"name":"wp","href":"https:\/\/api.w.org\/{rel}","templated":true}]}}