{"id":179,"date":"2023-05-15T22:52:04","date_gmt":"2023-05-16T01:52:04","guid":{"rendered":"https:\/\/skulldesign.com.br\/finaestampa\/?post_type=product&#038;p=179"},"modified":"2023-05-16T12:24:29","modified_gmt":"2023-05-16T15:24:29","slug":"blusa-de-manga-longa-com-perolas","status":"publish","type":"product","link":"https:\/\/skulldesign.com.br\/finaestampa\/produto\/blusa-de-manga-longa-com-perolas\/","title":{"rendered":"Blusa de Manga Longa com P\u00e9rolas"},"content":{"rendered":"<p>A blusa de manga longa com detalhes em p\u00e9rolas \u00e9 uma pe\u00e7a elegante e feminina que acrescenta um toque de sofistica\u00e7\u00e3o ao seu visual. Com um design cl\u00e1ssico e delicado, essa blusa \u00e9 perfeita para ocasi\u00f5es especiais ou para adicionar um charme extra ao seu dia a dia. As mangas longas conferem um aspecto elegante e vers\u00e1til, enquanto os detalhes em p\u00e9rolas trazem um toque de brilho e requinte. Feita com tecido confort\u00e1vel e acabamento de qualidade, essa blusa oferece conforto e um caimento impec\u00e1vel. Ideal para criar looks refinados e cheios de estilo, essa blusa de manga longa com detalhes em p\u00e9rolas \u00e9 uma escolha perfeita para se destacar com classe e feminilidade.<\/p>\n","protected":false},"excerpt":{"rendered":"<p>A blusa de manga longa com detalhes em p\u00e9rolas \u00e9 uma pe\u00e7a elegante e feminina que acrescenta um toque de sofistica\u00e7\u00e3o ao seu visual. Com um design cl\u00e1ssico e delicado, essa blusa \u00e9 perfeita para ocasi\u00f5es especiais ou para adicionar um charme extra ao seu dia a dia. As mangas longas conferem um aspecto elegante e vers\u00e1til, enquanto os detalhes em p\u00e9rolas trazem um toque de brilho e requinte. Feita com tecido confort\u00e1vel e acabamento de qualidade, essa blusa oferece conforto e um caimento impec\u00e1vel. Ideal para criar looks refinados e cheios de estilo, essa blusa de manga longa com detalhes em p\u00e9rolas \u00e9 uma escolha perfeita para se destacar com classe e feminilidade.<\/p>\n","protected":false},"featured_media":180,"comment_status":"open","ping_status":"closed","template":"","meta":[],"product_cat":[19],"product_tag":[],"class_list":["post-179","product","type-product","status-publish","has-post-thumbnail","hentry","product_cat-blusas"],"yoast_head":"<!-- This site is optimized with the Yoast SEO Premium plugin v21.5 (Yoast SEO v21.5) - https:\/\/yoast.com\/wordpress\/plugins\/seo\/ -->\n<title>Blusa de Manga Longa com P\u00e9rolas - Fina Estampa<\/title>\n<meta name=\"robots\" content=\"index, follow, max-snippet:-1, max-image-preview:large, max-video-preview:-1\" \/>\n<link rel=\"canonical\" href=\"https:\/\/skulldesign.com.br\/finaestampa\/produto\/blusa-de-manga-longa-com-perolas\/\" \/>\n<meta property=\"og:locale\" content=\"pt_BR\" \/>\n<meta property=\"og:type\" content=\"article\" \/>\n<meta property=\"og:title\" content=\"Blusa de Manga Longa com P\u00e9rolas\" \/>\n<meta property=\"og:description\" content=\"A blusa de manga longa com detalhes em p\u00e9rolas \u00e9 uma pe\u00e7a elegante e feminina que acrescenta um toque de sofistica\u00e7\u00e3o ao seu visual. Com um design cl\u00e1ssico e delicado, essa blusa \u00e9 perfeita para ocasi\u00f5es especiais ou para adicionar um charme extra ao seu dia a dia. As mangas longas conferem um aspecto elegante e vers\u00e1til, enquanto os detalhes em p\u00e9rolas trazem um toque de brilho e requinte. Feita com tecido confort\u00e1vel e acabamento de qualidade, essa blusa oferece conforto e um caimento impec\u00e1vel. Ideal para criar looks refinados e cheios de estilo, essa blusa de manga longa com detalhes em p\u00e9rolas \u00e9 uma escolha perfeita para se destacar com classe e feminilidade.\" \/>\n<meta property=\"og:url\" content=\"https:\/\/skulldesign.com.br\/finaestampa\/produto\/blusa-de-manga-longa-com-perolas\/\" \/>\n<meta property=\"og:site_name\" content=\"Fina Estampa\" \/>\n<meta property=\"article:modified_time\" content=\"2023-05-16T15:24:29+00:00\" \/>\n<meta property=\"og:image\" content=\"https:\/\/skulldesign.com.br\/finaestampa\/wp-content\/uploads\/2023\/05\/Blusa-de-Manga-Longa-com-Perolas.webp\" \/>\n\t<meta property=\"og:image:width\" content=\"599\" \/>\n\t<meta property=\"og:image:height\" content=\"799\" \/>\n\t<meta property=\"og:image:type\" content=\"image\/webp\" \/>\n<meta name=\"twitter:card\" content=\"summary_large_image\" \/>\n<meta name=\"twitter:label1\" content=\"Est. tempo de leitura\" \/>\n\t<meta name=\"twitter:data1\" content=\"1 minuto\" \/>\n<script type=\"application\/ld+json\" class=\"yoast-schema-graph\">{\"@context\":\"https:\/\/schema.org\",\"@graph\":[{\"@type\":\"WebPage\",\"@id\":\"https:\/\/skulldesign.com.br\/finaestampa\/produto\/blusa-de-manga-longa-com-perolas\/\",\"url\":\"https:\/\/skulldesign.com.br\/finaestampa\/produto\/blusa-de-manga-longa-com-perolas\/\",\"name\":\"Blusa de Manga Longa com P\u00e9rolas - Fina Estampa\",\"isPartOf\":{\"@id\":\"https:\/\/skulldesign.com.br\/finaestampa\/#website\"},\"datePublished\":\"2023-05-16T01:52:04+00:00\",\"dateModified\":\"2023-05-16T15:24:29+00:00\",\"breadcrumb\":{\"@id\":\"https:\/\/skulldesign.com.br\/finaestampa\/produto\/blusa-de-manga-longa-com-perolas\/#breadcrumb\"},\"inLanguage\":\"pt-BR\",\"potentialAction\":[{\"@type\":\"ReadAction\",\"target\":[\"https:\/\/skulldesign.com.br\/finaestampa\/produto\/blusa-de-manga-longa-com-perolas\/\"]}]},{\"@type\":\"BreadcrumbList\",\"@id\":\"https:\/\/skulldesign.com.br\/finaestampa\/produto\/blusa-de-manga-longa-com-perolas\/#breadcrumb\",\"itemListElement\":[{\"@type\":\"ListItem\",\"position\":1,\"name\":\"In\u00edcio\",\"item\":\"https:\/\/skulldesign.com.br\/finaestampa\/\"},{\"@type\":\"ListItem\",\"position\":2,\"name\":\"Loja\",\"item\":\"https:\/\/skulldesign.com.br\/finaestampa\/loja\/\"},{\"@type\":\"ListItem\",\"position\":3,\"name\":\"Blusa de Manga Longa com P\u00e9rolas\"}]},{\"@type\":\"WebSite\",\"@id\":\"https:\/\/skulldesign.com.br\/finaestampa\/#website\",\"url\":\"https:\/\/skulldesign.com.br\/finaestampa\/\",\"name\":\"Fina Estampa\",\"description\":\"Fina Estampa Fashion - Descubra a moda que define seu estilo. Encontre roupas elegantes e contempor\u00e2neas, perfeitas para mulheres que apreciam qualidade, conforto e tend\u00eancias atuais. Navegue por nossa ampla sele\u00e7\u00e3o de pe\u00e7as exclusivas e adicione um toque de sofistica\u00e7\u00e3o ao seu guarda-roupa. Seja \u00fanica, seja elegante com Fina Estampa.\",\"publisher\":{\"@id\":\"https:\/\/skulldesign.com.br\/finaestampa\/#organization\"},\"potentialAction\":[{\"@type\":\"SearchAction\",\"target\":{\"@type\":\"EntryPoint\",\"urlTemplate\":\"https:\/\/skulldesign.com.br\/finaestampa\/?s={search_term_string}\"},\"query-input\":\"required name=search_term_string\"}],\"inLanguage\":\"pt-BR\"},{\"@type\":\"Organization\",\"@id\":\"https:\/\/skulldesign.com.br\/finaestampa\/#organization\",\"name\":\"Fina Estampa\",\"url\":\"https:\/\/skulldesign.com.br\/finaestampa\/\",\"logo\":{\"@type\":\"ImageObject\",\"inLanguage\":\"pt-BR\",\"@id\":\"https:\/\/skulldesign.com.br\/finaestampa\/#\/schema\/logo\/image\/\",\"url\":\"https:\/\/skulldesign.com.br\/finaestampa\/wp-content\/uploads\/2023\/05\/logo_finaestampa.webp\",\"contentUrl\":\"https:\/\/skulldesign.com.br\/finaestampa\/wp-content\/uploads\/2023\/05\/logo_finaestampa.webp\",\"width\":525,\"height\":171,\"caption\":\"Fina Estampa\"},\"image\":{\"@id\":\"https:\/\/skulldesign.com.br\/finaestampa\/#\/schema\/logo\/image\/\"}}]}<\/script>\n<!-- \/ Yoast SEO Premium plugin. -->","yoast_head_json":{"title":"Blusa de Manga Longa com P\u00e9rolas - Fina Estampa","robots":{"index":"index","follow":"follow","max-snippet":"max-snippet:-1","max-image-preview":"max-image-preview:large","max-video-preview":"max-video-preview:-1"},"canonical":"https:\/\/skulldesign.com.br\/finaestampa\/produto\/blusa-de-manga-longa-com-perolas\/","og_locale":"pt_BR","og_type":"article","og_title":"Blusa de Manga Longa com P\u00e9rolas","og_description":"A blusa de manga longa com detalhes em p\u00e9rolas \u00e9 uma pe\u00e7a elegante e feminina que acrescenta um toque de sofistica\u00e7\u00e3o ao seu visual. Com um design cl\u00e1ssico e delicado, essa blusa \u00e9 perfeita para ocasi\u00f5es especiais ou para adicionar um charme extra ao seu dia a dia. As mangas longas conferem um aspecto elegante e vers\u00e1til, enquanto os detalhes em p\u00e9rolas trazem um toque de brilho e requinte. Feita com tecido confort\u00e1vel e acabamento de qualidade, essa blusa oferece conforto e um caimento impec\u00e1vel. Ideal para criar looks refinados e cheios de estilo, essa blusa de manga longa com detalhes em p\u00e9rolas \u00e9 uma escolha perfeita para se destacar com classe e feminilidade.","og_url":"https:\/\/skulldesign.com.br\/finaestampa\/produto\/blusa-de-manga-longa-com-perolas\/","og_site_name":"Fina Estampa","article_modified_time":"2023-05-16T15:24:29+00:00","og_image":[{"width":599,"height":799,"url":"https:\/\/skulldesign.com.br\/finaestampa\/wp-content\/uploads\/2023\/05\/Blusa-de-Manga-Longa-com-Perolas.webp","type":"image\/webp"}],"twitter_card":"summary_large_image","twitter_misc":{"Est. tempo de leitura":"1 minuto"},"schema":{"@context":"https:\/\/schema.org","@graph":[{"@type":"WebPage","@id":"https:\/\/skulldesign.com.br\/finaestampa\/produto\/blusa-de-manga-longa-com-perolas\/","url":"https:\/\/skulldesign.com.br\/finaestampa\/produto\/blusa-de-manga-longa-com-perolas\/","name":"Blusa de Manga Longa com P\u00e9rolas - Fina Estampa","isPartOf":{"@id":"https:\/\/skulldesign.com.br\/finaestampa\/#website"},"datePublished":"2023-05-16T01:52:04+00:00","dateModified":"2023-05-16T15:24:29+00:00","breadcrumb":{"@id":"https:\/\/skulldesign.com.br\/finaestampa\/produto\/blusa-de-manga-longa-com-perolas\/#breadcrumb"},"inLanguage":"pt-BR","potentialAction":[{"@type":"ReadAction","target":["https:\/\/skulldesign.com.br\/finaestampa\/produto\/blusa-de-manga-longa-com-perolas\/"]}]},{"@type":"BreadcrumbList","@id":"https:\/\/skulldesign.com.br\/finaestampa\/produto\/blusa-de-manga-longa-com-perolas\/#breadcrumb","itemListElement":[{"@type":"ListItem","position":1,"name":"In\u00edcio","item":"https:\/\/skulldesign.com.br\/finaestampa\/"},{"@type":"ListItem","position":2,"name":"Loja","item":"https:\/\/skulldesign.com.br\/finaestampa\/loja\/"},{"@type":"ListItem","position":3,"name":"Blusa de Manga Longa com P\u00e9rolas"}]},{"@type":"WebSite","@id":"https:\/\/skulldesign.com.br\/finaestampa\/#website","url":"https:\/\/skulldesign.com.br\/finaestampa\/","name":"Fina Estampa","description":"Fina Estampa Fashion - Descubra a moda que define seu estilo. Encontre roupas elegantes e contempor\u00e2neas, perfeitas para mulheres que apreciam qualidade, conforto e tend\u00eancias atuais. Navegue por nossa ampla sele\u00e7\u00e3o de pe\u00e7as exclusivas e adicione um toque de sofistica\u00e7\u00e3o ao seu guarda-roupa. Seja \u00fanica, seja elegante com Fina Estampa.","publisher":{"@id":"https:\/\/skulldesign.com.br\/finaestampa\/#organization"},"potentialAction":[{"@type":"SearchAction","target":{"@type":"EntryPoint","urlTemplate":"https:\/\/skulldesign.com.br\/finaestampa\/?s={search_term_string}"},"query-input":"required name=search_term_string"}],"inLanguage":"pt-BR"},{"@type":"Organization","@id":"https:\/\/skulldesign.com.br\/finaestampa\/#organization","name":"Fina Estampa","url":"https:\/\/skulldesign.com.br\/finaestampa\/","logo":{"@type":"ImageObject","inLanguage":"pt-BR","@id":"https:\/\/skulldesign.com.br\/finaestampa\/#\/schema\/logo\/image\/","url":"https:\/\/skulldesign.com.br\/finaestampa\/wp-content\/uploads\/2023\/05\/logo_finaestampa.webp","contentUrl":"https:\/\/skulldesign.com.br\/finaestampa\/wp-content\/uploads\/2023\/05\/logo_finaestampa.webp","width":525,"height":171,"caption":"Fina Estampa"},"image":{"@id":"https:\/\/skulldesign.com.br\/finaestampa\/#\/schema\/logo\/image\/"}}]}},"_links":{"self":[{"href":"https:\/\/skulldesign.com.br\/finaestampa\/wp-json\/wp\/v2\/product\/179","targetHints":{"allow":["GET"]}}],"collection":[{"href":"https:\/\/skulldesign.com.br\/finaestampa\/wp-json\/wp\/v2\/product"}],"about":[{"href":"https:\/\/skulldesign.com.br\/finaestampa\/wp-json\/wp\/v2\/types\/product"}],"replies":[{"embeddable":true,"href":"https:\/\/skulldesign.com.br\/finaestampa\/wp-json\/wp\/v2\/comments?post=179"}],"wp:featuredmedia":[{"embeddable":true,"href":"https:\/\/skulldesign.com.br\/finaestampa\/wp-json\/wp\/v2\/media\/180"}],"wp:attachment":[{"href":"https:\/\/skulldesign.com.br\/finaestampa\/wp-json\/wp\/v2\/media?parent=179"}],"wp:term":[{"taxonomy":"product_cat","embeddable":true,"href":"https:\/\/skulldesign.com.br\/finaestampa\/wp-json\/wp\/v2\/product_cat?post=179"},{"taxonomy":"product_tag","embeddable":true,"href":"https:\/\/skulldesign.com.br\/finaestampa\/wp-json\/wp\/v2\/product_tag?post=179"}],"curies":[{"name":"wp","href":"https:\/\/api.w.org\/{rel}","templated":true}]}}